{"id":2979,"date":"2014-04-16T09:04:51","date_gmt":"2014-04-16T09:04:51","guid":{"rendered":"http:\/\/www.umer.si\/?page_id=2979"},"modified":"2021-01-29T10:50:44","modified_gmt":"2021-01-29T10:50:44","slug":"o-nas","status":"publish","type":"page","link":"https:\/\/www.umer.si\/sl\/o-nas\/","title":{"rendered":"O nas"},"content":{"rendered":"<p>Agencija ustvarjalcev Umer \u017ee od 2006 zastopa nadarjene avtorje in umetnike, ki svoje ustvarjanje zaznamujejo z razli\u010dnimi stili in pristopi. \u00a0S \u0161irokim naborom talenta zagotavljamo izredne re\u0161itve, ustvarjene po meri, na podro\u010dju ogla\u0161evanja, zalo\u017eni\u0161tva in oblikovanja.<\/p>\n<p>Na\u0161 osrednji cilj je poiskati najprimernej\u0161ega ustvarjalca, ga vklju\u010diti v projekt in\/ali projektni tim ob aktivnem sodelovanju pri zasnovi \u010dasovnega in finan\u010dnega na\u010drta. Verjamemo v dvosmerno komunikacijo, zato vse na\u0161e naro\u010dnike tudi spodbujamo, da se direktno pove\u017eejo z avtorji in umetniki in tako dose\u017eejo kar najbolj\u0161e rezultate.<\/p>\n<p>Zagotoviti vam \u017eelimo pestro izbiro ustvarjalcev, stilov in pristopov, zato imamo o\u010di vedno odprte za nove izredne talente.<\/p>\n<p><iframe style=\"border: 0;\" tabindex=\"0\" src=\"https:\/\/www.google.com\/maps\/embed?pb=!1m14!1m8!1m3!1d11077.473817598926!2d14.5040325!3d46.0437485!3m2!1i1024!2i768!4f13.1!3m3!1m2!1s0x0%3A0xd3e7dec68223474d!2sUMER%2C%20agencija%20ustvarjalcev%20d.o.o.!5e0!3m2!1sen!2ssi!4v1592472448870!5m2!1sen!2ssi\" width=\"100%\" height=\"335\" frameborder=\"0\" allowfullscreen=\"allowfullscreen\" aria-hidden=\"false\"><\/iframe><\/p>\n","protected":false},"excerpt":{"rendered":"<p>Agencija ustvarjalcev Umer \u017ee od 2006 zastopa nadarjene avtorje in umetnike, ki svoje ustvarjanje zaznamujejo z razli\u010dnimi stili in pristopi. \u00a0S \u0161irokim naborom talenta zagotavljamo izredne re\u0161itve, ustvarjene po meri, na podro\u010dju ogla\u0161evanja, zalo\u017eni\u0161tva in oblikovanja. Na\u0161 osrednji cilj je poiskati najprimernej\u0161ega ustvarjalca, ga vklju\u010diti v projekt in\/ali projektni tim ob aktivnem sodelovanju pri zasnovi \u010dasovnega in finan\u010dnega na\u010drta. Verjamemo v dvosmerno komunikacijo, zato vse na\u0161e naro\u010dnike tudi spodbujamo, da se direktno pove\u017eejo z avtorji in umetniki in tako dose\u017eejo kar najbolj\u0161e rezultate. Zagotoviti vam \u017eelimo pestro izbiro ustvarjalcev, stilov in pristopov, zato imamo o\u010di vedno odprte za nove [&hellip;]<\/p>\n","protected":false},"author":1,"featured_media":0,"parent":0,"menu_order":0,"comment_status":"closed","ping_status":"closed","template":"","meta":{"_acf_changed":false,"inline_featured_image":false,"footnotes":""},"acf":[],"_links":{"self":[{"href":"https:\/\/www.umer.si\/sl\/wp-json\/wp\/v2\/pages\/2979"}],"collection":[{"href":"https:\/\/www.umer.si\/sl\/wp-json\/wp\/v2\/pages"}],"about":[{"href":"https:\/\/www.umer.si\/sl\/wp-json\/wp\/v2\/types\/page"}],"author":[{"embeddable":true,"href":"https:\/\/www.umer.si\/sl\/wp-json\/wp\/v2\/users\/1"}],"replies":[{"embeddable":true,"href":"https:\/\/www.umer.si\/sl\/wp-json\/wp\/v2\/comments?post=2979"}],"version-history":[{"count":3,"href":"https:\/\/www.umer.si\/sl\/wp-json\/wp\/v2\/pages\/2979\/revisions"}],"predecessor-version":[{"id":8703,"href":"https:\/\/www.umer.si\/sl\/wp-json\/wp\/v2\/pages\/2979\/revisions\/8703"}],"wp:attachment":[{"href":"https:\/\/www.umer.si\/sl\/wp-json\/wp\/v2\/media?parent=2979"}],"curies":[{"name":"wp","href":"https:\/\/api.w.org\/{rel}","templated":true}]}}